{"id":46,"date":"2018-04-17T09:36:08","date_gmt":"2018-04-17T07:36:08","guid":{"rendered":"https:\/\/www.css-bentlage.de\/privatkunden\/?page_id=46"},"modified":"2018-04-17T09:36:08","modified_gmt":"2018-04-17T07:36:08","slug":"alles-muss-neu","status":"publish","type":"page","link":"https:\/\/www.css-bentlage.de\/privatkunden\/alles-muss-neu\/","title":{"rendered":"Alles muss neu!"},"content":{"rendered":"<p>&#8222;Ich glaube ich brauche einen neuen Computer, oder was meinen Sie?&#8220; &#8211; diese Frage bekommen wir fast t\u00e4glich von Kunden gestellt. Die Antwort hierauf ist einfach.<\/p>\n<p>Wir als Systemhaus k\u00f6nnen Ihnen nur dann zu einem neuen System raten wenn das &#8222;alte&#8220; defekt ist und die Reparatur sich wirtschaftlich nicht lohnt\u00a0bzw. wenn Sie neue Anforderungen an Hard- oder Software haben, die mit dem bisherigen System nicht abbildbar sind.<\/p>\n<p>Dennoch gibt es nat\u00fcrlich auch viele andere Gr\u00fcnde die Sie als Kunden bewegen sich f\u00fcr ein neues System zu entscheiden.\u00a0In einem pers\u00f6nlichen Gespr\u00e4ch nehmen wir uns Zeit und stellen IHR System zusammen, damit Sie vom Anfang bis zum Ende die volle Kostenkontrolle haben.<\/p>\n<p>Rufen Sie gern zur Terminvereinbarung unter <a href=\"tel:+492151944597\">02151 944597<\/a> an bzw. \u00a0nutzen Sie eine der vielen anderen <a href=\"\/kontakt\">Kontaktm\u00f6glichkeiten<\/a>.<\/p>\n<h2>Daten\u00fcbernahme auf neue Systeme<\/h2>\n<p>Ein neuer Rechner ist nur so gut wie die Daten die darauf sind.\u00a0Kennen Sie das: Da hat man jahrelang mit einem Rechner gearbeitet und neben den Daten nat\u00fcrlich auch Mail und Onlinezug\u00e4nge\u00a0gespeichert und nun soll das alles weg sein bzw. soll man dies alles neu einrichten?<\/p>\n<p>Mal ehrlich wenn Sie umziehen nehmen Sie doch auch Ihre M\u00f6bel und pers\u00f6nlichen Sachen mit und lassen dies gern von einem\u00a0Umzugsunternehmen durchf\u00fchren &#8211; und dieses Umzugsunternehmen f\u00fcr die Daten vom alten auf einen neuen Computer sind wir.\u00a0Hierbei ist es vollkommen egal ob der neue Computer bei uns erworben wird oder bereits vorhanden ist.<\/p>\n<p>&nbsp;<\/p>\n","protected":false},"excerpt":{"rendered":"<p>&#8222;Ich glaube ich brauche einen neuen Computer, oder was meinen Sie?&#8220;<\/p>\n","protected":false},"author":1,"featured_media":47,"parent":0,"menu_order":140,"comment_status":"closed","ping_status":"closed","template":"","meta":{"footnotes":""},"class_list":["post-46","page","type-page","status-publish","has-post-thumbnail","hentry"],"_links":{"self":[{"href":"https:\/\/www.css-bentlage.de\/privatkunden\/wp-json\/wp\/v2\/pages\/46","targetHints":{"allow":["GET"]}}],"collection":[{"href":"https:\/\/www.css-bentlage.de\/privatkunden\/wp-json\/wp\/v2\/pages"}],"about":[{"href":"https:\/\/www.css-bentlage.de\/privatkunden\/wp-json\/wp\/v2\/types\/page"}],"author":[{"embeddable":true,"href":"https:\/\/www.css-bentlage.de\/privatkunden\/wp-json\/wp\/v2\/users\/1"}],"replies":[{"embeddable":true,"href":"https:\/\/www.css-bentlage.de\/privatkunden\/wp-json\/wp\/v2\/comments?post=46"}],"version-history":[{"count":1,"href":"https:\/\/www.css-bentlage.de\/privatkunden\/wp-json\/wp\/v2\/pages\/46\/revisions"}],"predecessor-version":[{"id":48,"href":"https:\/\/www.css-bentlage.de\/privatkunden\/wp-json\/wp\/v2\/pages\/46\/revisions\/48"}],"wp:featuredmedia":[{"embeddable":true,"href":"https:\/\/www.css-bentlage.de\/privatkunden\/wp-json\/wp\/v2\/media\/47"}],"wp:attachment":[{"href":"https:\/\/www.css-bentlage.de\/privatkunden\/wp-json\/wp\/v2\/media?parent=46"}],"curies":[{"name":"wp","href":"https:\/\/api.w.org\/{rel}","templated":true}]}}