{"id":33,"date":"2018-04-17T08:27:50","date_gmt":"2018-04-17T06:27:50","guid":{"rendered":"https:\/\/www.css-bentlage.de\/privatkunden\/?page_id=33"},"modified":"2018-04-17T08:29:04","modified_gmt":"2018-04-17T06:29:04","slug":"hilfe-im-hause-css","status":"publish","type":"page","link":"https:\/\/www.css-bentlage.de\/privatkunden\/hilfe-im-hause-css\/","title":{"rendered":"Hilfe im Hause CSS"},"content":{"rendered":"<p>Gern k\u00f6nnen Sie uns mit Ihrem Ger\u00e4t in unseren B\u00fcror\u00e4umen in Krefeld am Kreuzweg 64 aufsuchen.<\/p>\n<p>Wir nehmen uns Zeit f\u00fcr Sie. In unseren R\u00e4umlichkeiten k\u00f6nnen wir nahezu alle Dienstleistungen f\u00fcr Sie erbringen, z.B.:<\/p>\n<ul>\n<li>Reparatur von Rechner \/ Notebook und Drucker<\/li>\n<li>Entfernung von Viren und Schadsoftware (Spyware, Bloatware)<\/li>\n<li>Datenrettung<\/li>\n<li>Installation von Betriebssystemen, Software bzw Update auf neue Versionen<\/li>\n<li>Aufr\u00fcstung vorhandener Kundenrechnern<\/li>\n<\/ul>\n<p>Rufen Sie gern zur Terminvereinbarung unter <a href=\"tel:+492151944597\">02151 944597<\/a> an bzw. nutzen Sie eine der vielen anderen <a href=\"\/kontakt\">Kontaktm\u00f6gichkeiten<\/a>.<\/p>\n","protected":false},"excerpt":{"rendered":"<p>Gern k\u00f6nnen Sie uns mit Ihrem Ger\u00e4t in unseren B\u00fcror\u00e4umen aufsuchen.<\/p>\n","protected":false},"author":1,"featured_media":34,"parent":0,"menu_order":110,"comment_status":"closed","ping_status":"closed","template":"","meta":{"footnotes":""},"class_list":["post-33","page","type-page","status-publish","has-post-thumbnail","hentry"],"_links":{"self":[{"href":"https:\/\/www.css-bentlage.de\/privatkunden\/wp-json\/wp\/v2\/pages\/33","targetHints":{"allow":["GET"]}}],"collection":[{"href":"https:\/\/www.css-bentlage.de\/privatkunden\/wp-json\/wp\/v2\/pages"}],"about":[{"href":"https:\/\/www.css-bentlage.de\/privatkunden\/wp-json\/wp\/v2\/types\/page"}],"author":[{"embeddable":true,"href":"https:\/\/www.css-bentlage.de\/privatkunden\/wp-json\/wp\/v2\/users\/1"}],"replies":[{"embeddable":true,"href":"https:\/\/www.css-bentlage.de\/privatkunden\/wp-json\/wp\/v2\/comments?post=33"}],"version-history":[{"count":2,"href":"https:\/\/www.css-bentlage.de\/privatkunden\/wp-json\/wp\/v2\/pages\/33\/revisions"}],"predecessor-version":[{"id":36,"href":"https:\/\/www.css-bentlage.de\/privatkunden\/wp-json\/wp\/v2\/pages\/33\/revisions\/36"}],"wp:featuredmedia":[{"embeddable":true,"href":"https:\/\/www.css-bentlage.de\/privatkunden\/wp-json\/wp\/v2\/media\/34"}],"wp:attachment":[{"href":"https:\/\/www.css-bentlage.de\/privatkunden\/wp-json\/wp\/v2\/media?parent=33"}],"curies":[{"name":"wp","href":"https:\/\/api.w.org\/{rel}","templated":true}]}}